{"id":2,"date":"2016-04-25T15:36:11","date_gmt":"2016-04-25T15:36:11","guid":{"rendered":"http:\/\/www.planled.ch\/?page_id=2"},"modified":"2023-02-12T12:11:03","modified_gmt":"2023-02-12T12:11:03","slug":"about","status":"publish","type":"page","link":"https:\/\/www.planled.ch\/?page_id=2","title":{"rendered":"About"},"content":{"rendered":"<p style=\"text-align: justify;\">Als Lichtplaner bieten wir kompetente Beratung bei der Durchf\u00fchrung anspruchsvoller Lichtl\u00f6sungen. Das Ziel ein individuelles und optimales Lichtkonzept f\u00fcr das Bauvorhaben zu entwickeln. Wir\u00a0stehen in\u00a0enger Zusammenarbeit mit f\u00fchrenden Leuchtenherstellern, die den Zugriff auf eine grosse Vielfalt von LED-Leuchten und lichttechnischen Sonderl\u00f6sungen\u00a0hat.<\/p>\n<p style=\"text-align: justify;\">Das Licht und insbesondere die Lichttechnik,\u00a0hat einen generellen, wesentlichen Einfluss auf das Wohlbefinden. Licht kann anregen und beruhigen. Deshalb ist es ratsam, eine Lichtberatung bereits vor dem Bau\/Umbau eines Wohnhauses, eines B\u00fcros oder Verwaltungsgeb\u00e4udes in Anspruch zu nehmen.<\/p>\n<p style=\"text-align: justify;\">Wir beraten Sie pers\u00f6nlich vor Ort, sind Produkteunabh\u00e4ngig und seit mehr als 25\u00a0Jahre im Bereich der Lichtplanung und Beratung t\u00e4tig.<\/p>\n<p>Planled<br \/>\nTom Zimmermann<br \/>\nCH-1785 Cressier<br \/>\nTel. +41\u00a078\u00a0800 40\u00a040<br \/>\ntom.zimmermann@planled.ch<\/p>\n","protected":false},"excerpt":{"rendered":"<p>Als Lichtplaner bieten wir kompetente Beratung bei der Durchf\u00fchrung anspruchsvoller Lichtl\u00f6sungen. Das Ziel ein individuelles und optimales Lichtkonzept f\u00fcr das Bauvorhaben zu entwickeln. Wir\u00a0stehen in\u00a0enger Zusammenarbeit mit f\u00fchrenden Leuchtenherstellern, die den Zugriff auf eine grosse Vielfalt von LED-Leuchten und lichttechnischen Sonderl\u00f6sungen\u00a0hat. Das Licht und insbesondere die Lichttechnik,\u00a0hat einen generellen, wesentlichen Einfluss auf das Wohlbefinden. Licht&#8230; <\/p>\n<div class=\"link-more\"><a href=\"https:\/\/www.planled.ch\/?page_id=2\">Weiterlesen<\/a><\/div>\n","protected":false},"author":1,"featured_media":0,"parent":0,"menu_order":0,"comment_status":"closed","ping_status":"closed","template":"","meta":{"jetpack_post_was_ever_published":false,"footnotes":""},"class_list":["post-2","page","type-page","status-publish","hentry"],"jetpack_sharing_enabled":true,"jetpack_shortlink":"https:\/\/wp.me\/P7wDBa-2","jetpack-related-posts":[],"_links":{"self":[{"href":"https:\/\/www.planled.ch\/index.php?rest_route=\/wp\/v2\/pages\/2"}],"collection":[{"href":"https:\/\/www.planled.ch\/index.php?rest_route=\/wp\/v2\/pages"}],"about":[{"href":"https:\/\/www.planled.ch\/index.php?rest_route=\/wp\/v2\/types\/page"}],"author":[{"embeddable":true,"href":"https:\/\/www.planled.ch\/index.php?rest_route=\/wp\/v2\/users\/1"}],"replies":[{"embeddable":true,"href":"https:\/\/www.planled.ch\/index.php?rest_route=%2Fwp%2Fv2%2Fcomments&post=2"}],"version-history":[{"count":30,"href":"https:\/\/www.planled.ch\/index.php?rest_route=\/wp\/v2\/pages\/2\/revisions"}],"predecessor-version":[{"id":224,"href":"https:\/\/www.planled.ch\/index.php?rest_route=\/wp\/v2\/pages\/2\/revisions\/224"}],"wp:attachment":[{"href":"https:\/\/www.planled.ch\/index.php?rest_route=%2Fwp%2Fv2%2Fmedia&parent=2"}],"curies":[{"name":"wp","href":"https:\/\/api.w.org\/{rel}","templated":true}]}}